{"id":541,"date":"2025-12-22T16:25:54","date_gmt":"2025-12-22T15:25:54","guid":{"rendered":"https:\/\/ibwave.org\/politica-de-cookies\/"},"modified":"2026-02-04T12:25:06","modified_gmt":"2026-02-04T11:25:06","slug":"cookies-policy","status":"publish","type":"page","link":"https:\/\/ibwave.org\/en\/cookies-policy\/","title":{"rendered":"Cookies policy"},"content":{"rendered":"\t\t<div data-elementor-type=\"wp-page\" data-elementor-id=\"541\" class=\"elementor elementor-541 elementor-30\" data-elementor-post-type=\"page\">\n\t\t\t\t\t\t<section class=\"elementor-section elementor-top-section elementor-element elementor-element-653433c1 elementor-section-boxed elementor-section-height-default elementor-section-height-default\" data-id=\"653433c1\" data-element_type=\"section\" data-e-type=\"section\">\n\t\t\t\t\t\t<div class=\"elementor-container elementor-column-gap-default\">\n\t\t\t\t\t<div class=\"elementor-column elementor-col-100 elementor-top-column elementor-element elementor-element-16e9be44\" data-id=\"16e9be44\" data-element_type=\"column\" data-e-type=\"column\">\n\t\t\t<div class=\"elementor-widget-wrap elementor-element-populated\">\n\t\t\t\t\t\t<div class=\"elementor-element elementor-element-605a24e9 elementor-widget elementor-widget-text-editor\" data-id=\"605a24e9\" data-element_type=\"widget\" data-e-type=\"widget\" data-widget_type=\"text-editor.default\">\n\t\t\t\t\t\t\t\t\t<h1 class=\"elementor-heading-title elementor-size-default\">Cookies Policy<\/h1><p>\u00a0<\/p><h4>What is a cookie?<\/h4><p>A cookie is a file that is downloaded onto your device when you access certain websites. Cookies allow a website, among other things, to store and retrieve information about a user&#8217;s browsing habits or those of their device. Depending on the information they contain and how the device is used, cookies may also be used to recognise the user.<\/p><h4><span id=\"sections1\"><\/span>How and why do we use cookies?<\/h4><p>Cookies are used to improve the usability and functionality of websites and to better understand how visitors interact with our website and the tools or services offered. Storing cookies on your device allows for a simple and convenient way to personalise or enhance your experience on our site and make future visits more efficient and enjoyable.<\/p><p>We do not use cookies to collect personal information such as your name; however, we may link data stored in cookies with personal information we may have collected about you through other means (e.g. general website registration).<\/p><h4><span id=\"sections2\"><\/span>\u00bfC\u00f3mo puedo cambiar la configuraci\u00f3n de las cookies?<\/h4><p>You can modify your cookie settings at any time (e.g. to be notified when cookies are being sent to your device). Please note, however, that if you do so, you may be unable to register on our site or use certain features that require registration or data collection.<\/p><p>Any changes you make to cookie preferences for this website will be stored until you decide to make further changes.<\/p><p>You can restrict, block, or delete cookies from this website using your browser. The process differs for each browser. For more information on how to manage cookies, you can visit the following links<span style=\"font-family: -apple-system, BlinkMacSystemFont, 'Segoe UI', Roboto, 'Helvetica Neue', Arial, 'Noto Sans', sans-serif, 'Apple Color Emoji', 'Segoe UI Emoji', 'Segoe UI Symbol', 'Noto Color Emoji';\">:<\/span><\/p><ol><li><span style=\"font-family: -apple-system, BlinkMacSystemFont, 'Segoe UI', Roboto, 'Helvetica Neue', Arial, 'Noto Sans', sans-serif, 'Apple Color Emoji', 'Segoe UI Emoji', 'Segoe UI Symbol', 'Noto Color Emoji';\">\u00a0Internet Explorer: Tools -&gt; Internet Options -&gt; Privacy -&gt; Settings<br \/>(For more details, refer to Microsoft support or your browser\u2019s help section.)<br \/><\/span><\/li><li><span style=\"font-family: -apple-system, BlinkMacSystemFont, 'Segoe UI', Roboto, 'Helvetica Neue', Arial, 'Noto Sans', sans-serif, 'Apple Color Emoji', 'Segoe UI Emoji', 'Segoe UI Symbol', 'Noto Color Emoji';\">Firefox: Tools -&gt; Options -&gt; Privacy -&gt; History -&gt; Use custom settings<br \/>(More information is available via Mozilla support or your browser\u2019s help section.)<br \/><\/span><\/li><li><span style=\"font-family: -apple-system, BlinkMacSystemFont, 'Segoe UI', Roboto, 'Helvetica Neue', Arial, 'Noto Sans', sans-serif, 'Apple Color Emoji', 'Segoe UI Emoji', 'Segoe UI Symbol', 'Noto Color Emoji';\">Chrome: Settings -&gt; Show advanced settings -&gt; Privacy -&gt; Content settings<br \/>(Consult Google support or your browser\u2019s help section for more details.)<br \/><\/span><\/li><li><span style=\"font-family: -apple-system, BlinkMacSystemFont, 'Segoe UI', Roboto, 'Helvetica Neue', Arial, 'Noto Sans', sans-serif, 'Apple Color Emoji', 'Segoe UI Emoji', 'Segoe UI Symbol', 'Noto Color Emoji';\">Safari: Preferences -&gt; Security<br \/>(More information available through Apple support or your browser\u2019s help section.)\u00bfQu\u00e9 tipos de cookies utilizamos?<\/span><\/li><\/ol><p><strong>What types of cookies do we use?<\/strong><\/p><ul><li><p>Strictly necessary cookies: These are essential for the proper functioning of the website. Without them, the site cannot operate correctly. For this reason, we do not ask for your explicit consent to use these cookies. However, your consent is required for all other types.<\/p><\/li><li><p>First-party cookies: These cookies are created by this website and can only be read by it.<\/p><\/li><li><p>Third-party cookies: These are set by third parties and used for various services (e.g. website analytics or advertising).<br \/>Flash cookies: We also use Flash cookies to store your preferences, such as volume control, game high scores, or to personalise content based on your activity on our site. Third-party providers we work with to deliver features like games or promotions may use Flash cookies to collect and store non-personal data.<\/p><\/li><li><p>Flash cookies differ from session or persistent cookies in terms of the amount, type and way data is stored. Browser cookie management tools will not remove Flash cookies<span style=\"font-family: -apple-system, BlinkMacSystemFont, 'Segoe UI', Roboto, 'Helvetica Neue', Arial, 'Noto Sans', sans-serif, 'Apple Color Emoji', 'Segoe UI Emoji', 'Segoe UI Symbol', 'Noto Color Emoji';\">.<\/span><\/p><\/li><\/ul><table cellspacing=\"0\" cellpadding=\"0\"><tbody><tr><td valign=\"middle\"><p>Name<\/p><\/td><td valign=\"middle\"><p>Type<\/p><\/td><td valign=\"middle\"><p>Functionality<\/p><\/td><td valign=\"middle\"><p>Notes<\/p><\/td><\/tr><tr><td valign=\"middle\"><p>Google analytics (_ga, __utma, __utmb, __utmc, __utmz)<\/p><\/td><td valign=\"middle\"><p>First-party cookies (consent required)<\/p><\/td><td valign=\"middle\"><p>Estas cookies se utilizan para recoger informaci\u00f3n sobre el uso de nuestro sitio web por parte de los visitantes. Utilizamos la informaci\u00f3n para elaborar informes y para mejorar el sitio. Las cookies recopilan informaci\u00f3n de forma an\u00f3nima, que incluye el n\u00famero de visitantes al sitio, el lugar de procedencia al sitio de los visitantes y las p\u00e1ginas visitadas.<\/p><\/td><td valign=\"middle\"><p>These cookies collect anonymous information about how visitors use our site. The data is used to compile reports and improve the website. It includes data such as the number of visitors, referral sources, and pages visited. Google will use this data to evaluate site use and produce reports for site operators, as well as provide other related services. Google may transfer this data to third parties where required by law or when third parties process the data on behalf of Google. Google will not associate your IP address with any other data held by Google. You can refuse the use of cookies by adjusting your browser settings, but this may affect full functionality. By using this website, you consent to Google processing your data in the manner and for the purposes outlined. Learn more in <a href=\"https:\/\/policies.google.com\/privacy\"><span style=\"font-weight: 400;\">Google\u2019s Privacy Policy<\/span><\/a><span style=\"font-weight: 400;\">.<\/span><\/p><\/td><\/tr><tr><td valign=\"middle\"><p>uid, cid<\/p><\/td><td valign=\"middle\"><p>Third-party cookies (consent required)<\/p><\/td><td valign=\"middle\"><p>These cookies help us understand how users interact with our digital advertising campaigns. They allow us to measure the performance of our ads and improve the service we offer. For more information about Adform cookies, visit their website.<\/p><\/td><td valign=\"middle\"><p>For more information about Adform cookies, visit their <a href=\"http:\/\/www.adform.com\/site\/privacy-policy\/\">website<\/a><\/p><\/td><\/tr><tr><td valign=\"middle\"><p>Flash cookies<\/p><\/td><td valign=\"middle\"><p>Strictly necessary<\/p><\/td><td colspan=\"2\" valign=\"middle\"><p>Required for proper visualisation of Flash content. These use Flash Local Stored Objects, commonly referred to as Flash Cookies.<\/p><\/td><\/tr><\/tbody><\/table><p>NOTE: This list will be updated as quickly as possible whenever our website services change. Occasionally, the list may not yet include a cookie, but it will always reflect cookies with identical purposes.<br \/>Last updated: 03\/02\/2026<\/p><p>\u00a9 2026 THINK AHEAD ACADEMY, SL. All rights reserved.<\/p><p><span style=\"font-family: -apple-system, BlinkMacSystemFont, 'Segoe UI', Roboto, 'Helvetica Neue', Arial, 'Noto Sans', sans-serif, 'Apple Color Emoji', 'Segoe UI Emoji', 'Segoe UI Symbol', 'Noto Color Emoji';\">THINK AHEAD ACADEMY, SL. Todos los derechos reservados.<\/span><\/p>\t\t\t\t\t\t\t\t<\/div>\n\t\t\t\t\t<\/div>\n\t\t<\/div>\n\t\t\t\t\t<\/div>\n\t\t<\/section>\n\t\t\t\t<\/div>\n\t\t","protected":false},"excerpt":{"rendered":"<p>Cookies Policy \u00a0 What is a cookie? A cookie is a file that is downloaded onto your device when you access certain websites. Cookies allow a website, among other things, to store and retrieve information about a user&#8217;s browsing habits or those of their device. Depending on the information they contain and how the device [&hellip;]<\/p>\n","protected":false},"author":2,"featured_media":0,"parent":0,"menu_order":0,"comment_status":"closed","ping_status":"closed","template":"","meta":{"footnotes":""},"class_list":["post-541","page","type-page","status-publish","hentry"],"_links":{"self":[{"href":"https:\/\/ibwave.org\/en\/wp-json\/wp\/v2\/pages\/541","targetHints":{"allow":["GET"]}}],"collection":[{"href":"https:\/\/ibwave.org\/en\/wp-json\/wp\/v2\/pages"}],"about":[{"href":"https:\/\/ibwave.org\/en\/wp-json\/wp\/v2\/types\/page"}],"author":[{"embeddable":true,"href":"https:\/\/ibwave.org\/en\/wp-json\/wp\/v2\/users\/2"}],"replies":[{"embeddable":true,"href":"https:\/\/ibwave.org\/en\/wp-json\/wp\/v2\/comments?post=541"}],"version-history":[{"count":10,"href":"https:\/\/ibwave.org\/en\/wp-json\/wp\/v2\/pages\/541\/revisions"}],"predecessor-version":[{"id":1124,"href":"https:\/\/ibwave.org\/en\/wp-json\/wp\/v2\/pages\/541\/revisions\/1124"}],"wp:attachment":[{"href":"https:\/\/ibwave.org\/en\/wp-json\/wp\/v2\/media?parent=541"}],"curies":[{"name":"wp","href":"https:\/\/api.w.org\/{rel}","templated":true}]}}